{"id":9,"date":"2025-05-06T17:41:55","date_gmt":"2025-05-06T17:41:55","guid":{"rendered":"https:\/\/kontakt.miniclinic.pl\/?page_id=9"},"modified":"2025-05-07T07:33:04","modified_gmt":"2025-05-07T07:33:04","slug":"strona-glowna","status":"publish","type":"page","link":"https:\/\/kontakt.miniclinic.pl\/","title":{"rendered":"Skontaktuj si\u0119 z nami"},"content":{"rendered":"\t\t<div data-elementor-type=\"wp-page\" data-elementor-id=\"9\" class=\"elementor elementor-9\">\n\t\t\t\t<div class=\"elementor-element elementor-element-1986ccc e-flex e-con-boxed e-con e-parent\" data-id=\"1986ccc\" data-element_type=\"container\" data-e-type=\"container\">\n\t\t\t\t\t<div class=\"e-con-inner\">\n\t\t\t\t<div class=\"elementor-element elementor-element-0508564 elementor-widget elementor-widget-shortcode\" data-id=\"0508564\" data-element_type=\"widget\" data-e-type=\"widget\" data-widget_type=\"shortcode.default\">\n\t\t\t\t<div class=\"elementor-widget-container\">\n\t\t\t\t\t\t\t<div class=\"elementor-shortcode\">\n<div class=\"wpcf7 no-js\" id=\"wpcf7-f7-o1\" lang=\"pl-PL\" dir=\"ltr\" data-wpcf7-id=\"7\">\n<div class=\"screen-reader-response\"><p role=\"status\" aria-live=\"polite\" aria-atomic=\"true\"><\/p> <ul><\/ul><\/div>\n<form action=\"\/index.php?rest_route=%2Fwp%2Fv2%2Fpages%2F9#wpcf7-f7-o1\" method=\"post\" class=\"wpcf7-form init\" aria-label=\"Formularz kontaktowy\" novalidate=\"novalidate\" data-status=\"init\">\n<fieldset class=\"hidden-fields-container\"><input type=\"hidden\" name=\"_wpcf7\" value=\"7\" \/><input type=\"hidden\" name=\"_wpcf7_version\" value=\"6.1.5\" \/><input type=\"hidden\" name=\"_wpcf7_locale\" value=\"pl_PL\" \/><input type=\"hidden\" name=\"_wpcf7_unit_tag\" value=\"wpcf7-f7-o1\" \/><input type=\"hidden\" name=\"_wpcf7_container_post\" value=\"0\" \/><input type=\"hidden\" name=\"_wpcf7_posted_data_hash\" value=\"\" \/>\n<\/fieldset>\n<p><label class=\"label-custom\"> Imi\u0119 i nazwisko<br \/>\n<span class=\"wpcf7-form-control-wrap\" data-name=\"your-name\"><input size=\"40\" maxlength=\"400\" class=\"wpcf7-form-control wpcf7-text wpcf7-validates-as-required\" autocomplete=\"name\" aria-required=\"true\" aria-invalid=\"false\" value=\"\" type=\"text\" name=\"your-name\" \/><\/span> <\/label>\n<\/p>\n<p><label class=\"label-custom\"> E-mail<br \/>\n<span class=\"wpcf7-form-control-wrap\" data-name=\"your-email\"><input size=\"40\" maxlength=\"400\" class=\"wpcf7-form-control wpcf7-email wpcf7-validates-as-required wpcf7-text wpcf7-validates-as-email\" autocomplete=\"email\" aria-required=\"true\" aria-invalid=\"false\" value=\"\" type=\"email\" name=\"your-email\" \/><\/span> <\/label>\n<\/p>\n<p><label class=\"label-custom\"> Telefon<br \/>\n<span class=\"wpcf7-form-control-wrap\" data-name=\"your-tel\"><input size=\"40\" maxlength=\"400\" class=\"wpcf7-form-control wpcf7-tel wpcf7-validates-as-required wpcf7-text wpcf7-validates-as-tel\" aria-required=\"true\" aria-invalid=\"false\" value=\"\" type=\"tel\" name=\"your-tel\" \/><\/span> <\/label>\n<\/p>\n<p><label class=\"label-custom\"> Wojew\u00f3dztwo<br \/>\n<span class=\"wpcf7-form-control-wrap\" data-name=\"voivodeships\"><select class=\"wpcf7-form-control wpcf7-select wpcf7-validates-as-required\" aria-required=\"true\" aria-invalid=\"false\" name=\"voivodeships\"><option value=\"Dolno\u015bl\u0105skie\">Dolno\u015bl\u0105skie<\/option><option value=\"Kujawsko-Pomorskie\">Kujawsko-Pomorskie<\/option><option value=\"Lubelskie\">Lubelskie<\/option><option value=\"Lubuskie\">Lubuskie<\/option><option value=\"\u0141\u00f3dzkie\">\u0141\u00f3dzkie<\/option><option value=\"Ma\u0142opolskie\">Ma\u0142opolskie<\/option><option value=\"Mazowieckie\">Mazowieckie<\/option><option value=\"Opolskie\">Opolskie<\/option><option value=\"Podkarpackie\">Podkarpackie<\/option><option value=\"Podlaskie\">Podlaskie<\/option><option value=\"Pomorskie\">Pomorskie<\/option><option value=\"\u015al\u0105skie\">\u015al\u0105skie<\/option><option value=\"\u015awi\u0119tokrzyskie\">\u015awi\u0119tokrzyskie<\/option><option value=\"Warmi\u0144sko-Mazurskie\">Warmi\u0144sko-Mazurskie<\/option><option value=\"Wielkopolskie\">Wielkopolskie<\/option><option value=\"Zachodniopomorskie\">Zachodniopomorskie<\/option><\/select><\/span> <\/label>\n<\/p>\n<p><span class=\"wpcf7-form-control-wrap\" data-name=\"acceptance-100\"><span class=\"wpcf7-form-control wpcf7-acceptance\"><span class=\"wpcf7-list-item\"><label><input type=\"checkbox\" name=\"acceptance-100\" value=\"1\" aria-invalid=\"false\" \/><span class=\"wpcf7-list-item-label\">Wyra\u017cam zgod\u0119 na przetwarzanie moich danych osobowych wy\u0142\u0105cznie do przekazania oferty handlowej Hydrex Diagnostics Sp. z o.o.<\/span><\/label><\/span><\/span><\/span>\n<\/p>\n<p><input class=\"wpcf7-form-control wpcf7-submit has-spinner\" type=\"submit\" value=\"Wy\u015blij\" \/>\n<\/p><div class=\"wpcf7-response-output\" aria-hidden=\"true\"><\/div>\n<\/form>\n<\/div>\n<\/div>\n\t\t\t\t\t\t<\/div>\n\t\t\t\t<\/div>\n\t\t\t\t\t<\/div>\n\t\t\t\t<\/div>\n\t\t<div class=\"elementor-element elementor-element-878313a e-flex e-con-boxed e-con e-parent\" data-id=\"878313a\" data-element_type=\"container\" data-e-type=\"container\">\n\t\t\t\t\t<div class=\"e-con-inner\">\n\t\t\t\t<div class=\"elementor-element elementor-element-c6acd41 elementor-widget elementor-widget-html\" data-id=\"c6acd41\" data-element_type=\"widget\" data-e-type=\"widget\" data-widget_type=\"html.default\">\n\t\t\t\t<div class=\"elementor-widget-container\">\n\t\t\t\t\t<style>\nh1 {\n    text-align: center;\n}\nmain {\n    margin-top: 0 !important;\n}\n    .wpcf7-form .label-custom {\n        font-size: 16px;\n        display: flex;\n        flex-direction: column;\n    }\n    .wpcf7-form .label-custom br {\n        display: none;\n    }\n    .wpcf7-form input,\n    .wpcf7-form select {\n        width: 100%;\n        padding: 10px;\n        margin-top: 5px;\n    }\n    .wpcf7-form .wpcf7-list-item {\n        margin-left: 0;\n    }\n    .wpcf7-form .wpcf7-list-item > label {\n        display: grid;\n        grid-template-columns: 10px 1fr;\n        gap: 10px;\n        font-size: 12px;\n        align-items: flex-start;\n    }\n    .wpcf7-form .wpcf7-submit {\n        background: #A61466;\n        color: #fff;\n        border-radius: 3px;\n        border: 0;\n    }\n<\/style>\t\t\t\t<\/div>\n\t\t\t\t<\/div>\n\t\t\t\t\t<\/div>\n\t\t\t\t<\/div>\n\t\t\t\t<\/div>\n\t\t","protected":false},"excerpt":{"rendered":"","protected":false},"author":2,"featured_media":0,"parent":0,"menu_order":0,"comment_status":"closed","ping_status":"closed","template":"","meta":{"footnotes":""},"class_list":["post-9","page","type-page","status-publish","hentry"],"_links":{"self":[{"href":"https:\/\/kontakt.miniclinic.pl\/index.php?rest_route=\/wp\/v2\/pages\/9","targetHints":{"allow":["GET"]}}],"collection":[{"href":"https:\/\/kontakt.miniclinic.pl\/index.php?rest_route=\/wp\/v2\/pages"}],"about":[{"href":"https:\/\/kontakt.miniclinic.pl\/index.php?rest_route=\/wp\/v2\/types\/page"}],"author":[{"embeddable":true,"href":"https:\/\/kontakt.miniclinic.pl\/index.php?rest_route=\/wp\/v2\/users\/2"}],"replies":[{"embeddable":true,"href":"https:\/\/kontakt.miniclinic.pl\/index.php?rest_route=%2Fwp%2Fv2%2Fcomments&post=9"}],"version-history":[{"count":40,"href":"https:\/\/kontakt.miniclinic.pl\/index.php?rest_route=\/wp\/v2\/pages\/9\/revisions"}],"predecessor-version":[{"id":67,"href":"https:\/\/kontakt.miniclinic.pl\/index.php?rest_route=\/wp\/v2\/pages\/9\/revisions\/67"}],"wp:attachment":[{"href":"https:\/\/kontakt.miniclinic.pl\/index.php?rest_route=%2Fwp%2Fv2%2Fmedia&parent=9"}],"curies":[{"name":"wp","href":"https:\/\/api.w.org\/{rel}","templated":true}]}}